{"id":463,"date":"2022-01-26T19:28:16","date_gmt":"2022-01-26T19:28:16","guid":{"rendered":"https:\/\/barberista.hashtagzoho.com\/?page_id=463"},"modified":"2022-02-10T18:11:22","modified_gmt":"2022-02-10T18:11:22","slug":"impressum","status":"publish","type":"page","link":"https:\/\/barberista.at\/en\/impressum\/","title":{"rendered":"Legal Notice"},"content":{"rendered":"<div data-elementor-type=\"wp-page\" data-elementor-id=\"463\" class=\"elementor elementor-463\" data-elementor-post-type=\"page\">\n\t\t\t\t\t\t<section data-particle_enable=\"false\" data-particle-mobile-disabled=\"false\" class=\"elementor-section elementor-top-section elementor-element elementor-element-6663db2 elementor-section-boxed elementor-section-height-default elementor-section-height-default\" data-id=\"6663db2\" data-element_type=\"section\" data-e-type=\"section\">\n\t\t\t\t\t\t<div class=\"elementor-container elementor-column-gap-default\">\n\t\t\t\t\t<div class=\"elementor-column elementor-col-100 elementor-top-column elementor-element elementor-element-5ece361\" data-id=\"5ece361\" data-element_type=\"column\" data-e-type=\"column\">\n\t\t\t<div class=\"elementor-widget-wrap elementor-element-populated\">\n\t\t\t\t\t\t<div class=\"elementor-element elementor-element-97d9cb5 elementor-widget elementor-widget-heading\" data-id=\"97d9cb5\" data-element_type=\"widget\" data-e-type=\"widget\" data-widget_type=\"heading.default\">\n\t\t\t\t<div class=\"elementor-widget-container\">\n\t\t\t\t\t<h2 class=\"elementor-heading-title elementor-size-default\">Legal Notice<\/h2>\t\t\t\t<\/div>\n\t\t\t\t<\/div>\n\t\t\t\t\t<\/div>\n\t\t<\/div>\n\t\t\t\t\t<\/div>\n\t\t<\/section>\n\t\t\t\t<section data-particle_enable=\"false\" data-particle-mobile-disabled=\"false\" class=\"elementor-section elementor-top-section elementor-element elementor-element-7e5c1e1 elementor-section-content-middle elementor-section-boxed elementor-section-height-default elementor-section-height-default\" data-id=\"7e5c1e1\" data-element_type=\"section\" data-e-type=\"section\">\n\t\t\t\t\t\t<div class=\"elementor-container elementor-column-gap-default\">\n\t\t\t\t\t<div class=\"elementor-column elementor-col-100 elementor-top-column elementor-element elementor-element-ebb87b5\" data-id=\"ebb87b5\" data-element_type=\"column\" data-e-type=\"column\">\n\t\t\t<div class=\"elementor-widget-wrap elementor-element-populated\">\n\t\t\t\t\t\t<div class=\"elementor-element elementor-element-9691b54 elementor-widget__width-initial elementor-widget elementor-widget-text-editor\" data-id=\"9691b54\" data-element_type=\"widget\" data-e-type=\"widget\" data-widget_type=\"text-editor.default\">\n\t\t\t\t<div class=\"elementor-widget-container\">\n\t\t\t\t\t\t\t\t\t<p><strong>Company wording:<br \/><\/strong>Jakob Frisch<\/p><p><strong>Owner:<\/strong><br \/>Jakob Frisch<\/p><p><strong>Headquarters:<\/strong><br \/>Schneeburggasse 51a Top18<br \/>6020 Innsbruck<\/p><p><strong>Object of the company:<\/strong><br \/>Barber<\/p><p><strong>Website:<\/strong><br \/>barberista.at<\/p><p><strong>VAT number:<\/strong><br \/>ATU77665046<\/p><p><strong>Memberships in the Chamber of Commerce organization:<\/strong><br \/>WKO, Federal Guild of Hairdressers, State Guild of Hairdressers<\/p><p>\u00a0<\/p><p><strong>Copyright:<\/strong><br \/>The content and works on these websites are subject to Austrian copyright law. The duplication, processing, distribution or any kind of marketing of this material beyond the scope of copyright requires the prior written consent of the respective author or creator.<\/p>\t\t\t\t\t\t\t\t<\/div>\n\t\t\t\t<\/div>\n\t\t\t\t\t<\/div>\n\t\t<\/div>\n\t\t\t\t\t<\/div>\n\t\t<\/section>\n\t\t\t\t<section data-particle_enable=\"false\" data-particle-mobile-disabled=\"false\" class=\"elementor-section elementor-top-section elementor-element elementor-element-c565382 elementor-section-content-middle elementor-section-boxed elementor-section-height-default elementor-section-height-default\" data-id=\"c565382\" data-element_type=\"section\" data-e-type=\"section\">\n\t\t\t\t\t\t<div class=\"elementor-container elementor-column-gap-default\">\n\t\t\t\t\t<div class=\"elementor-column elementor-col-100 elementor-top-column elementor-element elementor-element-602a135\" data-id=\"602a135\" data-element_type=\"column\" data-e-type=\"column\">\n\t\t\t<div class=\"elementor-widget-wrap elementor-element-populated\">\n\t\t\t\t\t\t<div class=\"elementor-element elementor-element-9a5ac27 elementor-widget__width-initial elementor-widget elementor-widget-text-editor\" data-id=\"9a5ac27\" data-element_type=\"widget\" data-e-type=\"widget\" data-widget_type=\"text-editor.default\">\n\t\t\t\t<div class=\"elementor-widget-container\">\n\t\t\t\t\t\t\t\t\t<p><strong>Graphic design:<\/strong><br \/><a href=\"https:\/\/www.frischgrafik.at\/\">frischgrafik<\/a><\/p><p><strong>Webdesign:<\/strong><br \/><a href=\"https:\/\/hashtagzoho.com\/\">hashtagzoho<\/a><\/p>\t\t\t\t\t\t\t\t<\/div>\n\t\t\t\t<\/div>\n\t\t\t\t\t<\/div>\n\t\t<\/div>\n\t\t\t\t\t<\/div>\n\t\t<\/section>\n\t\t\t\t<\/div>","protected":false},"excerpt":{"rendered":"<p>Impressum Firmenwortlaut:Jakob Frisch Inhaber:Jakob Frisch Firmensitz:Schneeburggasse 51a Top186020 Innsbruck Unternehmensgegenstand:Herrenfriseur Website:barberista.at UID-Nummer:ATU77665046 Mitgliedschaften bei der Wirtschaftskammerorganisation:WKO, Bundesinnung der Friseur, Landesinnung der Friseure \u00a0 Copyright:Die Inhalte und Werke auf diesen Webseiten unterliegen dem Urheberrecht von \u00d6sterreich. Die Vervielf\u00e4ltigung, Bearbeitung, Verbreitung oder jede Art der Vermarktung dieses Materials \u00fcber den Rahmen des Urheberrechts hinaus bedarf der vorherigen [&hellip;]<\/p>\n","protected":false},"author":1,"featured_media":0,"parent":0,"menu_order":0,"comment_status":"closed","ping_status":"closed","template":"","meta":{"footnotes":""},"class_list":["post-463","page","type-page","status-publish","hentry"],"_links":{"self":[{"href":"https:\/\/barberista.at\/en\/wp-json\/wp\/v2\/pages\/463","targetHints":{"allow":["GET"]}}],"collection":[{"href":"https:\/\/barberista.at\/en\/wp-json\/wp\/v2\/pages"}],"about":[{"href":"https:\/\/barberista.at\/en\/wp-json\/wp\/v2\/types\/page"}],"author":[{"embeddable":true,"href":"https:\/\/barberista.at\/en\/wp-json\/wp\/v2\/users\/1"}],"replies":[{"embeddable":true,"href":"https:\/\/barberista.at\/en\/wp-json\/wp\/v2\/comments?post=463"}],"version-history":[{"count":37,"href":"https:\/\/barberista.at\/en\/wp-json\/wp\/v2\/pages\/463\/revisions"}],"predecessor-version":[{"id":1484,"href":"https:\/\/barberista.at\/en\/wp-json\/wp\/v2\/pages\/463\/revisions\/1484"}],"wp:attachment":[{"href":"https:\/\/barberista.at\/en\/wp-json\/wp\/v2\/media?parent=463"}],"curies":[{"name":"wp","href":"https:\/\/api.w.org\/{rel}","templated":true}]}}